{"id":196,"date":"2022-12-27T02:44:57","date_gmt":"2022-12-27T02:44:57","guid":{"rendered":"https:\/\/aroha-sourcing.com\/?page_id=196"},"modified":"2023-05-22T09:22:08","modified_gmt":"2023-05-22T02:22:08","slug":"sustainability","status":"publish","type":"page","link":"https:\/\/aroha-sourcing.com\/fr\/sustainability\/","title":{"rendered":"Nos Engagements"},"content":{"rendered":"<div data-elementor-type=\"wp-page\" data-elementor-id=\"196\" class=\"elementor elementor-196\" data-elementor-post-type=\"page\">\n\t\t\t\t<div data-dce-background-color=\"#FFFFFF\" data-dce-background-overlay-color=\"#272727\" data-dce-background-image-url=\"https:\/\/aroha-sourcing.com\/wp-content\/uploads\/2023\/01\/sustainability-1.jpg\" class=\"elementor-element elementor-element-bc7c691 e-flex e-con-boxed e-con e-parent\" data-id=\"bc7c691\" data-element_type=\"container\" data-e-type=\"container\" data-settings=\"{&quot;background_background&quot;:&quot;classic&quot;}\">\n\t\t\t\t\t<div class=\"e-con-inner\">\n\t\t<div data-dce-background-image-url=\"https:\/\/aroha-sourcing.com\/wp-content\/uploads\/2022\/12\/back-about.png\" class=\"elementor-element elementor-element-ee5d465 e-con-full e-flex e-con e-parent\" data-id=\"ee5d465\" data-element_type=\"container\" data-e-type=\"container\" data-settings=\"{&quot;background_background&quot;:&quot;classic&quot;}\">\n\t\t\t\t<\/div>\n\t\t\t\t\t<\/div>\n\t\t\t\t<\/div>\n\t\t<div data-dce-background-image-url=\"https:\/\/aroha-sourcing.com\/wp-content\/uploads\/2022\/12\/spicial-proposition.jpg\" class=\"elementor-element elementor-element-218e17f e-flex e-con-boxed e-con e-parent\" data-id=\"218e17f\" data-element_type=\"container\" data-e-type=\"container\" data-settings=\"{&quot;background_background&quot;:&quot;classic&quot;}\">\n\t\t\t\t\t<div class=\"e-con-inner\">\n\t\t<div class=\"elementor-element elementor-element-19f6ee9 e-con-full e-flex e-con e-parent\" data-id=\"19f6ee9\" data-element_type=\"container\" data-e-type=\"container\">\n\t\t\t\t<div class=\"elementor-element elementor-element-e1e0dfb animated-fast elementor-widget__width-inherit elementor-invisible elementor-widget elementor-widget-heading\" data-id=\"e1e0dfb\" data-element_type=\"widget\" data-e-type=\"widget\" data-settings=\"{&quot;_animation&quot;:&quot;fadeInRight&quot;,&quot;_animation_delay&quot;:100,&quot;_animation_tablet&quot;:&quot;fadeInUp&quot;}\" data-widget_type=\"heading.default\">\n\t\t\t\t<div class=\"elementor-widget-container\">\n\t\t\t\t\t<h2 class=\"elementor-heading-title elementor-size-default\">Nos Engagements<\/h2>\t\t\t\t<\/div>\n\t\t\t\t<\/div>\n\t\t\t\t<div class=\"elementor-element elementor-element-471b8d7 animated-fast elementor-widget__width-inherit elementor-invisible elementor-widget elementor-widget-heading\" data-id=\"471b8d7\" data-element_type=\"widget\" data-e-type=\"widget\" data-settings=\"{&quot;_animation&quot;:&quot;fadeInRight&quot;,&quot;_animation_delay&quot;:200,&quot;_animation_tablet&quot;:&quot;fadeInUp&quot;}\" data-widget_type=\"heading.default\">\n\t\t\t\t<div class=\"elementor-widget-container\">\n\t\t\t\t\t<h6 class=\"elementor-heading-title elementor-size-default\">Aroha Sourcing<\/h6>\t\t\t\t<\/div>\n\t\t\t\t<\/div>\n\t\t\t\t<div class=\"elementor-element elementor-element-cee562d animated-fast elementor-drop-cap-yes elementor-widget__width-inherit elementor-drop-cap-view-default elementor-invisible elementor-widget elementor-widget-text-editor\" data-id=\"cee562d\" data-element_type=\"widget\" data-e-type=\"widget\" data-settings=\"{&quot;_animation&quot;:&quot;fadeInRight&quot;,&quot;_animation_tablet&quot;:&quot;fadeInUp&quot;,&quot;_animation_delay&quot;:300,&quot;drop_cap&quot;:&quot;yes&quot;}\" data-widget_type=\"text-editor.default\">\n\t\t\t\t<div class=\"elementor-widget-container\">\n\t\t\t\t\t\t\t\t\t<p>Nous encourageons la durabilit\u00e9 et la responsabilit\u00e9 \u00e0 chaque \u00e9tape de la cha\u00eene d\u2019approvisionnement, des agriculteurs aux consommateurs.<\/p><p>Nous promouvons l\u2019agriculture durable (nos produits sont principalement biologiques) et mettons en \u0153uvre des projets pour prot\u00e9ger et am\u00e9liorer l\u2019environnement. Nous mettons \u00e9galement en \u0153uvre des projets et des solutions innovantes pour minimiser notre empreinte environnementale.<\/p><p>Quotidiennement, Aroha travaille \u00e0 la construction d\u2019une \u00e9conomie circulaire pour tous les produits que nous sour\u00e7ons. Nous collaborons \u00e9troitement avec les agriculteurs.<\/p><p>Nous accompagnons nos usines partenaires pour leur optimisation,  la mise en place et le suivi des certifications et le recyclage de 100% des produits. <br \/>Nos clients finaux sont \u00e9galement impliqu\u00e9s dans ces projets.<\/p>\t\t\t\t\t\t\t\t<\/div>\n\t\t\t\t<\/div>\n\t\t\t\t<div class=\"elementor-element elementor-element-c4a8bc9 animated-fast elementor-widget__width-inherit elementor-invisible elementor-widget elementor-widget-button\" data-id=\"c4a8bc9\" data-element_type=\"widget\" data-e-type=\"widget\" data-settings=\"{&quot;_animation&quot;:&quot;fadeInRight&quot;,&quot;_animation_tablet&quot;:&quot;fadeInUp&quot;,&quot;_animation_delay&quot;:400}\" data-widget_type=\"button.default\">\n\t\t\t\t<div class=\"elementor-widget-container\">\n\t\t\t\t\t\t\t\t\t<div class=\"elementor-button-wrapper\">\n\t\t\t\t\t<a class=\"elementor-button elementor-button-link elementor-size-sm\" href=\"https:\/\/aroha-sourcing.com\/fr\/our-portfolio\/\">\n\t\t\t\t\t\t<span class=\"elementor-button-content-wrapper\">\n\t\t\t\t\t\t\t\t\t<span class=\"elementor-button-text\">Voir nos produits<\/span>\n\t\t\t\t\t<\/span>\n\t\t\t\t\t<\/a>\n\t\t\t\t<\/div>\n\t\t\t\t\t\t\t\t<\/div>\n\t\t\t\t<\/div>\n\t\t<div class=\"elementor-element elementor-element-153c986 e-flex e-con-boxed e-con e-parent\" data-id=\"153c986\" data-element_type=\"container\" data-e-type=\"container\">\n\t\t\t\t\t<div class=\"e-con-inner\">\n\t\t\t\t<div class=\"elementor-element elementor-element-4bfa51f dce_masking-none elementor-widget elementor-widget-image\" data-id=\"4bfa51f\" data-element_type=\"widget\" data-e-type=\"widget\" data-widget_type=\"image.default\">\n\t\t\t\t<div class=\"elementor-widget-container\">\n\t\t\t\t\t\t\t\t\t\t\t\t\t\t\t\t<a href=\"https:\/\/aroha-sourcing.com\/wp-content\/uploads\/2023\/01\/sustainability-2.jpg\" data-elementor-open-lightbox=\"yes\" data-elementor-lightbox-title=\"sustainability-2\" data-e-action-hash=\"#elementor-action%3Aaction%3Dlightbox%26settings%3DeyJpZCI6NDI3LCJ1cmwiOiJodHRwczpcL1wvYXJvaGEtc291cmNpbmcuY29tXC93cC1jb250ZW50XC91cGxvYWRzXC8yMDIzXC8wMVwvc3VzdGFpbmFiaWxpdHktMi5qcGcifQ%3D%3D\">\n\t\t\t\t\t\t\t<img fetchpriority=\"high\" decoding=\"async\" width=\"1406\" height=\"2500\" src=\"https:\/\/aroha-sourcing.com\/wp-content\/uploads\/2023\/01\/sustainability-2.jpg\" class=\"attachment-full size-full wp-image-427\" alt=\"\" srcset=\"https:\/\/aroha-sourcing.com\/wp-content\/uploads\/2023\/01\/sustainability-2.jpg 1406w, https:\/\/aroha-sourcing.com\/wp-content\/uploads\/2023\/01\/sustainability-2-169x300.jpg 169w, https:\/\/aroha-sourcing.com\/wp-content\/uploads\/2023\/01\/sustainability-2-576x1024.jpg 576w, https:\/\/aroha-sourcing.com\/wp-content\/uploads\/2023\/01\/sustainability-2-768x1366.jpg 768w, https:\/\/aroha-sourcing.com\/wp-content\/uploads\/2023\/01\/sustainability-2-864x1536.jpg 864w, https:\/\/aroha-sourcing.com\/wp-content\/uploads\/2023\/01\/sustainability-2-1152x2048.jpg 1152w, https:\/\/aroha-sourcing.com\/wp-content\/uploads\/2023\/01\/sustainability-2-7x12.jpg 7w, https:\/\/aroha-sourcing.com\/wp-content\/uploads\/2023\/01\/sustainability-2-600x1067.jpg 600w\" sizes=\"(max-width: 1406px) 100vw, 1406px\" \/>\t\t\t\t\t\t\t\t<\/a>\n\t\t\t\t\t\t\t\t\t\t\t\t\t\t\t<\/div>\n\t\t\t\t<\/div>\n\t\t\t\t<div class=\"elementor-element elementor-element-6e09219 dce_masking-none elementor-widget elementor-widget-image\" data-id=\"6e09219\" data-element_type=\"widget\" data-e-type=\"widget\" data-widget_type=\"image.default\">\n\t\t\t\t<div class=\"elementor-widget-container\">\n\t\t\t\t\t\t\t\t\t\t\t\t\t\t\t\t<a href=\"https:\/\/aroha-sourcing.com\/wp-content\/uploads\/2023\/01\/sustainability-3.jpg\" data-elementor-open-lightbox=\"yes\" data-elementor-lightbox-title=\"sustainability-3\" data-e-action-hash=\"#elementor-action%3Aaction%3Dlightbox%26settings%3DeyJpZCI6NDI4LCJ1cmwiOiJodHRwczpcL1wvYXJvaGEtc291cmNpbmcuY29tXC93cC1jb250ZW50XC91cGxvYWRzXC8yMDIzXC8wMVwvc3VzdGFpbmFiaWxpdHktMy5qcGcifQ%3D%3D\">\n\t\t\t\t\t\t\t<img decoding=\"async\" width=\"2500\" height=\"1875\" src=\"https:\/\/aroha-sourcing.com\/wp-content\/uploads\/2023\/01\/sustainability-3.jpg\" class=\"attachment-full size-full wp-image-428\" alt=\"\" srcset=\"https:\/\/aroha-sourcing.com\/wp-content\/uploads\/2023\/01\/sustainability-3.jpg 2500w, https:\/\/aroha-sourcing.com\/wp-content\/uploads\/2023\/01\/sustainability-3-300x225.jpg 300w, https:\/\/aroha-sourcing.com\/wp-content\/uploads\/2023\/01\/sustainability-3-1024x768.jpg 1024w, https:\/\/aroha-sourcing.com\/wp-content\/uploads\/2023\/01\/sustainability-3-768x576.jpg 768w, https:\/\/aroha-sourcing.com\/wp-content\/uploads\/2023\/01\/sustainability-3-1536x1152.jpg 1536w, https:\/\/aroha-sourcing.com\/wp-content\/uploads\/2023\/01\/sustainability-3-2048x1536.jpg 2048w, https:\/\/aroha-sourcing.com\/wp-content\/uploads\/2023\/01\/sustainability-3-16x12.jpg 16w, https:\/\/aroha-sourcing.com\/wp-content\/uploads\/2023\/01\/sustainability-3-600x450.jpg 600w\" sizes=\"(max-width: 2500px) 100vw, 2500px\" \/>\t\t\t\t\t\t\t\t<\/a>\n\t\t\t\t\t\t\t\t\t\t\t\t\t\t\t<\/div>\n\t\t\t\t<\/div>\n\t\t\t\t\t<\/div>\n\t\t\t\t<\/div>\n\t\t\t\t<\/div>\n\t\t\t\t\t<\/div>\n\t\t\t\t<\/div>\n\t\t\t\t<\/div>","protected":false},"excerpt":{"rendered":"<p>Sustainability Aroha Sourcing Aroha encourages sustainability and responsibility at every step along the supply chain, from the farmers to the consumers. We promote sustainable agriculture (our products are mainly organic) and implement projects to protect and improve the environment. We also implement innovative projects and solutions to minimize our environmental footprint. Aroha daily tries to [&hellip;]<\/p>\n","protected":false},"author":1,"featured_media":0,"parent":0,"menu_order":0,"comment_status":"closed","ping_status":"closed","template":"","meta":{"footnotes":""},"class_list":["post-196","page","type-page","status-publish","hentry"],"_links":{"self":[{"href":"https:\/\/aroha-sourcing.com\/fr\/wp-json\/wp\/v2\/pages\/196","targetHints":{"allow":["GET"]}}],"collection":[{"href":"https:\/\/aroha-sourcing.com\/fr\/wp-json\/wp\/v2\/pages"}],"about":[{"href":"https:\/\/aroha-sourcing.com\/fr\/wp-json\/wp\/v2\/types\/page"}],"author":[{"embeddable":true,"href":"https:\/\/aroha-sourcing.com\/fr\/wp-json\/wp\/v2\/users\/1"}],"replies":[{"embeddable":true,"href":"https:\/\/aroha-sourcing.com\/fr\/wp-json\/wp\/v2\/comments?post=196"}],"version-history":[{"count":52,"href":"https:\/\/aroha-sourcing.com\/fr\/wp-json\/wp\/v2\/pages\/196\/revisions"}],"predecessor-version":[{"id":1410,"href":"https:\/\/aroha-sourcing.com\/fr\/wp-json\/wp\/v2\/pages\/196\/revisions\/1410"}],"wp:attachment":[{"href":"https:\/\/aroha-sourcing.com\/fr\/wp-json\/wp\/v2\/media?parent=196"}],"curies":[{"name":"wp","href":"https:\/\/api.w.org\/{rel}","templated":true}]}}